{"id":231,"date":"2025-05-22T15:48:22","date_gmt":"2025-05-22T15:48:22","guid":{"rendered":"https:\/\/bgreenly.org\/new\/?page_id=231"},"modified":"2026-01-07T17:11:46","modified_gmt":"2026-01-07T17:11:46","slug":"cookies-policy","status":"publish","type":"page","link":"https:\/\/bgreenly.org\/es\/politica-de-cookies","title":{"rendered":"Pol\u00edtica de cookies"},"content":{"rendered":"<p>En cumplimiento con el deber de informaci\u00f3n dispuesto en el p\u00e1rrafo segundo del art\u00edculo 22 de la Ley 34\/2002, de 11 de julio, de Servicios de la Sociedad de la Informaci\u00f3n y de Comercio Electr\u00f3nico, la presente pol\u00edtica de cookies tiene por objeto informarle de manera clara y precisa sobre las cookies que se utilizan en el sitio web de B GREENLY.<\/p>\n\n\n\n<p><strong>\u00bfQu\u00e9 son las cookies?<\/strong><\/p>\n\n\n\n<p>Una cookie es un peque\u00f1o archivo que los sitios web env\u00edan al navegador y descargan en su ordenador. Las cookies permiten que el sitio web almacene y recupere informaci\u00f3n sobre su visita, como su idioma preferido y otras opciones, para mejorar los servicios ofrecidos y proporcionar una mejor experiencia de navegaci\u00f3n al usuario.<\/p>\n\n\n\n<p><strong>Tipos de cookies<\/strong><\/p>\n\n\n\n<p>Existen muchos tipos de cookies, seg\u00fan su finalidad y el tiempo que permanecen almacenadas en el navegador del usuario (algunas se instalan solo durante la sesi\u00f3n y otras pueden permanecer durante a\u00f1os: cookies persistentes). Seg\u00fan estos criterios, existen cookies que requieren el consentimiento del usuario y otras que no (cookies exentas).<\/p>\n\n\n\n<p>Las cookies exentas son, entre otras, aquellas que son esenciales para el ordenador del usuario y el<a href=\"https:\/\/bgreenly.org\/es\/\">&nbsp;https:\/\/bgreenly.org\/<\/a>&nbsp;Los servidores se comunican entre s\u00ed y permiten al usuario navegar por el sitio web con mayor rapidez, sin recopilar datos protegidos. Seg\u00fan qui\u00e9n gestione el dominio desde el que se env\u00edan las cookies y procese los datos, se distingue entre cookies propias y cookies de terceros. Finalmente, seg\u00fan la finalidad del tratamiento de la informaci\u00f3n recopilada, las cookies se pueden clasificar en las siguientes categor\u00edas:<\/p>\n\n\n\n<ul class=\"wp-block-list\">\n<li><strong>Cookies t\u00e9cnicas:<\/strong>\u00a0Permiten al usuario navegar a trav\u00e9s de un sitio web y utilizar algunos de los servicios ofrecidos en el mismo (como controlar el tr\u00e1fico y la comunicaci\u00f3n de datos, identificar la sesi\u00f3n, acceder a partes de acceso restringido, recordar los elementos que integran un pedido, realizar el proceso de compra de un pedido, solicitar la inscripci\u00f3n o participaci\u00f3n en un evento, utilizar elementos de seguridad durante la navegaci\u00f3n, almacenar contenidos para la difusi\u00f3n de v\u00eddeos o sonido o compartir contenidos a trav\u00e9s de redes sociales).<\/li>\n\n\n\n<li><strong>Cookies de personalizaci\u00f3n:<\/strong>\u00a0Permitir al usuario acceder al sitio web con ciertas caracter\u00edsticas, como el idioma.<\/li>\n\n\n\n<li><strong>Cookies de seguridad:<\/strong>\u00a0Se utiliza para prevenir o dificultar ataques contra el sitio web.<\/li>\n\n\n\n<li><strong>Cookies anal\u00edticas:<\/strong>\u00a0Permiten el seguimiento del comportamiento del usuario, as\u00ed como la cuantificaci\u00f3n del n\u00famero de usuarios, la medici\u00f3n y el an\u00e1lisis estad\u00edstico de su uso del servicio ofrecido. Para ello, se analiza su navegaci\u00f3n en el sitio web para mejorar la oferta de productos o servicios.<a href=\"https:\/\/bgreenly.org\/es\/\">\u00a0https:\/\/bgreenly.org\/.<\/a><\/li>\n\n\n\n<li><strong>Cookies publicitarias:<\/strong>\u00a0Permiten la gesti\u00f3n de espacios publicitarios seg\u00fan criterios espec\u00edficos. Por ejemplo, la frecuencia de acceso, el contenido editado, etc. Las cookies publicitarias permiten, mediante la gesti\u00f3n de la publicidad, almacenar informaci\u00f3n sobre el comportamiento mediante la observaci\u00f3n de h\u00e1bitos, el estudio de los accesos y la creaci\u00f3n de un perfil de preferencias del usuario para ofrecer anuncios relacionados con sus intereses.<\/li>\n\n\n\n<li><strong>Cookies de publicidad comportamental:<\/strong>\u00a0Son aquellos que, ya sea tratados por\u00a0<a href=\"https:\/\/bgreenly.org\/es\/\">https:\/\/bgreenly.org\/\u00a0<\/a>o de terceros, permiten la gesti\u00f3n m\u00e1s eficiente de los espacios publicitarios del sitio web, adaptando el contenido del anuncio al contenido del servicio solicitado o al uso que el usuario hace del sitio web. Para ello, B GREENLY puede analizar los h\u00e1bitos de navegaci\u00f3n del usuario y mostrarle publicidad relacionada con su perfil de navegaci\u00f3n.<\/li>\n\n\n\n<li><strong>Cookies de geolocalizaci\u00f3n:<\/strong>\u00a0Se utiliza para determinar el pa\u00eds en el que se encuentra el usuario.<\/li>\n<\/ul>\n\n\n\n<p><strong>Aceptaci\u00f3n de cookies en nuestra plataforma<\/strong><\/p>\n\n\n\n<p>La Ley 34\/2002, de 11 de julio, de Servicios de la Sociedad de la Informaci\u00f3n y de Comercio Electr\u00f3nico (LSSICE), en relaci\u00f3n con las cookies, exige que los usuarios sean informados previamente a su navegaci\u00f3n en la plataforma sobre el uso, el tipo y la finalidad de las cookies. Por ello, hemos implementado un aviso informativo que se muestra al acceder a nuestra plataforma, inform\u00e1ndoles con antelaci\u00f3n y de forma expresa, en cumplimiento de este requisito legal.<\/p>\n\n\n\n<p>Es importante tener en cuenta que en este aviso usted encontrar\u00e1 tres opciones: la primera le permite aceptar la instalaci\u00f3n de cookies en su dispositivo, la segunda le permite configurar cu\u00e1les cookies acepta y cu\u00e1les rechaza, y la tercera opci\u00f3n le permite rechazar la instalaci\u00f3n de todas las cookies excepto las necesarias para continuar navegando por el sitio web.<\/p>\n\n\n\n<p><strong>Autorizaci\u00f3n para el uso de cookies<\/strong><\/p>\n\n\n\n<p>De acuerdo con el aviso de cookies que aparece en el sitio web, el usuario puede consentir expresamente el uso de cookies que requieren consentimiento; sin embargo, el uso de cookies t\u00e9cnicas o necesarias no requiere consentimiento. No obstante, el usuario puede modificar la configuraci\u00f3n de su navegador para rechazar el uso de cookies.<\/p>\n\n\n\n<p><strong>C\u00f3mo modificar la configuraci\u00f3n de las cookies<\/strong><\/p>\n\n\n\n<p>Puede restringir, bloquear o eliminar las cookies de B GREENLY o de cualquier otro sitio web mediante su navegador. Cada navegador funciona de forma diferente; puede encontrar c\u00f3mo hacerlo en el men\u00fa de ayuda de su navegador, donde se explica el procedimiento para eliminarlas. Para m\u00e1s informaci\u00f3n:<\/p>\n\n\n\n<ul class=\"wp-block-list\">\n<li><strong>Google Chrome:<\/strong><a href=\"https:\/\/support.google.com\/chrome\/answer\/95647?co=GENIE.Platform=Desktop&amp;hl=es\">\u00a0Centro de ayuda<\/a><\/li>\n\n\n\n<li><strong>Mozilla Firefox:<\/strong><a href=\"https:\/\/support.mozilla.org\/es\/kb\/habilitar-y-deshabilitar-cookies-sitios-web-rastrear-preferencias\">\u00a0Centro de ayuda<\/a><\/li>\n\n\n\n<li><strong>Safari:<\/strong><a href=\"https:\/\/support.apple.com\/es-es\/guide\/safari\/sfri11471\/mac\">\u00a0Centro de ayuda<\/a><\/li>\n\n\n\n<li><strong>Explorador de Internet:<\/strong><a href=\"https:\/\/support.microsoft.com\/es-es\/help\/278835\/how-to-delete-cookie-files-in-internet-explorer\">\u00a0Centro de ayuda<\/a><\/li>\n<\/ul>\n\n\n\n<p>Deshabilitar las cookies puede provocar que el sitio web no funcione correctamente o que no pueda acceder a ciertas funciones.<\/p>\n\n\n\n<p><strong>Respecto a las cookies de redes sociales<\/strong><\/p>\n\n\n\n<p>Finalmente, queremos informarle que nuestra plataforma no gestiona redes sociales ni plataformas de terceros como Facebook, Instagram, LinkedIn, Twitter, YouTube, entre otras, donde B GREENLY tiene presencia, por lo que no se responsabiliza de las cookies instaladas por dichas plataformas. Como usuario de nuestra plataforma en l\u00ednea, debe consultar las pol\u00edticas de privacidad y de cookies de dichas redes para conocer su tipo y finalidad, y decidir si las acepta o rechaza.<\/p>\n\n\n\n<ul class=\"wp-block-list\">\n<li><strong>Cookies utilizadas por Facebook:<\/strong><a href=\"https:\/\/www.facebook.com\/help\/cookies\/\">\u00a0Pol\u00edtica de cookies<\/a><\/li>\n\n\n\n<li><strong>Cookies utilizadas por Instagram:<\/strong><a href=\"https:\/\/help.instagram.com\/1896641480634370\">\u00a0Pol\u00edtica de cookies<\/a><\/li>\n\n\n\n<li><strong>Cookies utilizadas por Twitter:<\/strong><a href=\"https:\/\/help.twitter.com\/es\/rules-and-policies\/twitter-cookies\">\u00a0Pol\u00edtica de cookies<\/a><\/li>\n\n\n\n<li><strong>Cookies utilizadas por YouTube:<\/strong><a href=\"https:\/\/policies.google.com\/technologies\/cookies?hl=es-419\">\u00a0Pol\u00edtica de cookies<\/a><\/li>\n\n\n\n<li><strong>Cookies utilizadas por LinkedIn:<\/strong><a href=\"https:\/\/www.linkedin.com\/legal\/cookie-policy?_l=es_ES\">\u00a0Pol\u00edtica de cookies<\/a><\/li>\n<\/ul>\n\n\n\n<p><strong>Cookies utilizadas en el sitio web<\/strong><\/p>\n\n\n\n<p>En el sitio web se utilizan diferentes tipos de cookies con distintas finalidades. A continuaci\u00f3n, se detallan las cookies utilizadas:<\/p>\n\n\n\n<ul class=\"wp-block-list\">\n<li>\n<ul class=\"wp-block-list\">\n<li><strong>PHPSESSID:<\/strong>\u00a0Cookie t\u00e9cnica y estrictamente necesaria que contiene el identificador de sesi\u00f3n. Se elimina al cerrar el navegador.<\/li>\n\n\n\n<li><strong>_lang:<\/strong>\u00a0Cookie t\u00e9cnica y estrictamente necesaria que contiene el idioma de la sesi\u00f3n. Se elimina al cerrar el navegador.<\/li>\n\n\n\n<li><strong>ac_cookies:<\/strong>\u00a0Cookie t\u00e9cnica y estrictamente necesaria que indica si se han aceptado las cookies. Caduca al cabo de un a\u00f1o desde su \u00faltima actualizaci\u00f3n.<\/li>\n\n\n\n<li><strong>_Georgia:<\/strong>\u00a0Cookie de Google Analytics que habilita la funci\u00f3n de control de visitas \u00fanicas. Esta cookie se instala la primera vez que un usuario accede al sitio web a trav\u00e9s de un navegador. Cuando este usuario vuelve a acceder al sitio web con el mismo navegador, la cookie lo considerar\u00e1 el mismo usuario. Solo si el usuario cambia de navegador se considerar\u00e1 otro usuario. Caduca a los 2 a\u00f1os desde la \u00faltima actualizaci\u00f3n.<\/li>\n\n\n\n<li><strong>_rev\u00f3lver:<\/strong>\u00a0Esta cookie est\u00e1 asociada con Google Analytics Universal. Se utiliza para limitar la tasa de solicitudes (es decir, la recopilaci\u00f3n de datos en sitios web con mucho tr\u00e1fico). Caduca a los 10 minutos.<\/li>\n\n\n\n<li><strong>_utma:<\/strong>\u00a0Cookie de Google Analytics que registra la fecha de la primera y la \u00faltima vez que el usuario visit\u00f3 el sitio web. Caduca a los 2 a\u00f1os desde su \u00faltima actualizaci\u00f3n.<\/li>\n\n\n\n<li><strong>_utmb:<\/strong>\u00a0Cookie de Google Analytics que registra la hora de llegada al sitio web. Caduca a los 30 minutos de la \u00faltima actualizaci\u00f3n.<\/li>\n\n\n\n<li><strong>_utmc:<\/strong>\u00a0Cookie de Google Analytics utilizada para la interoperabilidad con el c\u00f3digo de seguimiento urchin.js. Se elimina al cerrar el navegador.<\/li>\n\n\n\n<li><strong>_utmt:<\/strong>\u00a0Cookie de Google Analytics utilizada para procesar el tipo de solicitud realizada por el usuario. Caduca al finalizar la sesi\u00f3n.<\/li>\n\n\n\n<li><strong>_utmv:<\/strong>\u00a0Cookie de Google Analytics utilizada para segmentar datos demogr\u00e1ficos. Caduca al finalizar la sesi\u00f3n.<\/li>\n\n\n\n<li><strong>_utmz:<\/strong>\u00a0Cookie de Google Analytics que almacena la fuente de tr\u00e1fico o la campa\u00f1a para explicar c\u00f3mo lleg\u00f3 el usuario al sitio web. Caduca a los 6 meses desde la \u00faltima actualizaci\u00f3n.<\/li>\n<\/ul>\n<\/li>\n<\/ul>\n\n\n\n<figure class=\"wp-block-table\"><table class=\"has-fixed-layout\"><thead><tr><th>ID de cookie<\/th><th>Elementor<\/th><th>wpEmojiSettings admite<\/th><\/tr><\/thead><tbody><tr><td>Dominio<\/td><td>bgreenly.org<\/td><td>bgreenly.org<\/td><\/tr><tr><td>Descripci\u00f3n<\/td><td>Esta cookie la utiliza el tema de WordPress del sitio web. Permite al propietario del sitio web implementar o modificar el contenido del sitio web en tiempo real.<\/td><td>WordPress establece esta cookie cuando un usuario interact\u00faa con emojis en un sitio web. Ayuda a determinar si el navegador del usuario puede mostrar los emojis correctamente.<\/td><\/tr><tr><td>Duraci\u00f3n<\/td><td>Nunca<\/td><td>Sesi\u00f3n<\/td><\/tr><tr><td>Tipo<\/td><td>Necesario<\/td><td>Necesario<\/td><\/tr><\/tbody><\/table><\/figure>\n\n\n\n<p>Ni esta web ni sus representantes legales se hacen responsables ni del contenido ni de la veracidad de las pol\u00edticas de privacidad que puedan tener los terceros mencionados en esta pol\u00edtica de cookies.<\/p>\n\n\n\n<p><strong>Modificaci\u00f3n de condiciones<\/strong><\/p>\n\n\n\n<p>B GREENLY se reserva expresamente el derecho a modificar unilateralmente, total o parcialmente, sin previo aviso, esta Pol\u00edtica de Cookies. El usuario reconoce y acepta que es su responsabilidad revisar esta Pol\u00edtica de Cookies.<\/p>","protected":false},"excerpt":{"rendered":"<p>En cumplimiento del deber de informaci\u00f3n establecido en el apartado segundo del art\u00edculo 22 de la Ley 34\/2002, de 11 de julio, de Servicios de la Sociedad de la Informaci\u00f3n y de Comercio Electr\u00f3nico, esta pol\u00edtica de cookies tiene como objetivo informarle de forma clara y precisa sobre las cookies utilizadas en el sitio web de B GREENLY. \u00bfQu\u00e9 son las cookies? Una cookie es un peque\u00f1o archivo que [\u2026]<\/p>","protected":false},"author":1,"featured_media":0,"parent":0,"menu_order":0,"comment_status":"closed","ping_status":"closed","template":"","meta":{"_acf_changed":false,"footnotes":""},"class_list":["post-231","page","type-page","status-publish","hentry"],"acf":[],"yoast_head":"<!-- This site is optimized with the Yoast SEO plugin v26.3 - https:\/\/yoast.com\/wordpress\/plugins\/seo\/ -->\n<title>B Greenly Cookies Policy<\/title>\n<meta name=\"description\" content=\"This cookies policy aims to inform you clearly and precisely about the cookies used on the B GREENLY website.\" \/>\n<meta name=\"robots\" content=\"noindex, nofollow\" \/>\n<meta property=\"og:locale\" content=\"es_ES\" \/>\n<meta property=\"og:type\" content=\"article\" \/>\n<meta property=\"og:title\" content=\"B Greenly Cookies Policy\" \/>\n<meta property=\"og:description\" content=\"This cookies policy aims to inform you clearly and precisely about the cookies used on the B GREENLY website.\" \/>\n<meta property=\"og:url\" content=\"https:\/\/bgreenly.org\/es\/politica-de-cookies\" \/>\n<meta property=\"og:site_name\" content=\"B Greenly\" \/>\n<meta property=\"article:modified_time\" content=\"2026-01-07T17:11:46+00:00\" \/>\n<meta name=\"twitter:card\" content=\"summary_large_image\" \/>\n<meta name=\"twitter:label1\" content=\"Tiempo de lectura\" \/>\n\t<meta name=\"twitter:data1\" content=\"7 minutos\" \/>\n<script type=\"application\/ld+json\" class=\"yoast-schema-graph\">{\"@context\":\"https:\/\/schema.org\",\"@graph\":[{\"@type\":\"WebPage\",\"@id\":\"https:\/\/bgreenly.org\/cookies-policy\",\"url\":\"https:\/\/bgreenly.org\/cookies-policy\",\"name\":\"B Greenly Cookies Policy\",\"isPartOf\":{\"@id\":\"https:\/\/bgreenly.org\/#website\"},\"datePublished\":\"2025-05-22T15:48:22+00:00\",\"dateModified\":\"2026-01-07T17:11:46+00:00\",\"description\":\"This cookies policy aims to inform you clearly and precisely about the cookies used on the B GREENLY website.\",\"breadcrumb\":{\"@id\":\"https:\/\/bgreenly.org\/cookies-policy#breadcrumb\"},\"inLanguage\":\"es\",\"potentialAction\":[{\"@type\":\"ReadAction\",\"target\":[\"https:\/\/bgreenly.org\/cookies-policy\"]}]},{\"@type\":\"BreadcrumbList\",\"@id\":\"https:\/\/bgreenly.org\/cookies-policy#breadcrumb\",\"itemListElement\":[{\"@type\":\"ListItem\",\"position\":1,\"name\":\"Portada\",\"item\":\"https:\/\/bgreenly.org\/\"},{\"@type\":\"ListItem\",\"position\":2,\"name\":\"Cookies Policy\"}]},{\"@type\":\"WebSite\",\"@id\":\"https:\/\/bgreenly.org\/#website\",\"url\":\"https:\/\/bgreenly.org\/\",\"name\":\"B Greenly\",\"description\":\"Sustainability certification for events and venues \u2014 B Greenly\",\"publisher\":{\"@id\":\"https:\/\/bgreenly.org\/#organization\"},\"potentialAction\":[{\"@type\":\"SearchAction\",\"target\":{\"@type\":\"EntryPoint\",\"urlTemplate\":\"https:\/\/bgreenly.org\/?s={search_term_string}\"},\"query-input\":{\"@type\":\"PropertyValueSpecification\",\"valueRequired\":true,\"valueName\":\"search_term_string\"}}],\"inLanguage\":\"es\"},{\"@type\":\"Organization\",\"@id\":\"https:\/\/bgreenly.org\/#organization\",\"name\":\"B Greenly\",\"url\":\"https:\/\/bgreenly.org\/\",\"logo\":{\"@type\":\"ImageObject\",\"inLanguage\":\"es\",\"@id\":\"https:\/\/bgreenly.org\/#\/schema\/logo\/image\/\",\"url\":\"https:\/\/bgreenly.org\/wp-content\/uploads\/2025\/05\/Logo-BGreenly.svg\",\"contentUrl\":\"https:\/\/bgreenly.org\/wp-content\/uploads\/2025\/05\/Logo-BGreenly.svg\",\"width\":863,\"height\":278,\"caption\":\"B Greenly\"},\"image\":{\"@id\":\"https:\/\/bgreenly.org\/#\/schema\/logo\/image\/\"},\"sameAs\":[\"https:\/\/www.instagram.com\/bgreenly.certificate\/\",\"https:\/\/www.linkedin.com\/company\/b-greenly\"]}]}<\/script>\n<!-- \/ Yoast SEO plugin. -->","yoast_head_json":{"title":"B Greenly Cookies Policy","description":"This cookies policy aims to inform you clearly and precisely about the cookies used on the B GREENLY website.","robots":{"index":"noindex","follow":"nofollow"},"og_locale":"es_ES","og_type":"article","og_title":"B Greenly Cookies Policy","og_description":"This cookies policy aims to inform you clearly and precisely about the cookies used on the B GREENLY website.","og_url":"https:\/\/bgreenly.org\/es\/politica-de-cookies","og_site_name":"B Greenly","article_modified_time":"2026-01-07T17:11:46+00:00","twitter_card":"summary_large_image","twitter_misc":{"Tiempo de lectura":"7 minutos"},"schema":{"@context":"https:\/\/schema.org","@graph":[{"@type":"WebPage","@id":"https:\/\/bgreenly.org\/cookies-policy","url":"https:\/\/bgreenly.org\/cookies-policy","name":"B Greenly Cookies Policy","isPartOf":{"@id":"https:\/\/bgreenly.org\/#website"},"datePublished":"2025-05-22T15:48:22+00:00","dateModified":"2026-01-07T17:11:46+00:00","description":"This cookies policy aims to inform you clearly and precisely about the cookies used on the B GREENLY website.","breadcrumb":{"@id":"https:\/\/bgreenly.org\/cookies-policy#breadcrumb"},"inLanguage":"es","potentialAction":[{"@type":"ReadAction","target":["https:\/\/bgreenly.org\/cookies-policy"]}]},{"@type":"BreadcrumbList","@id":"https:\/\/bgreenly.org\/cookies-policy#breadcrumb","itemListElement":[{"@type":"ListItem","position":1,"name":"Portada","item":"https:\/\/bgreenly.org\/"},{"@type":"ListItem","position":2,"name":"Cookies Policy"}]},{"@type":"WebSite","@id":"https:\/\/bgreenly.org\/#website","url":"https:\/\/bgreenly.org\/","name":"B Greenly","description":"Sustainability certification for events and venues \u2014 B Greenly","publisher":{"@id":"https:\/\/bgreenly.org\/#organization"},"potentialAction":[{"@type":"SearchAction","target":{"@type":"EntryPoint","urlTemplate":"https:\/\/bgreenly.org\/?s={search_term_string}"},"query-input":{"@type":"PropertyValueSpecification","valueRequired":true,"valueName":"search_term_string"}}],"inLanguage":"es"},{"@type":"Organization","@id":"https:\/\/bgreenly.org\/#organization","name":"B Greenly","url":"https:\/\/bgreenly.org\/","logo":{"@type":"ImageObject","inLanguage":"es","@id":"https:\/\/bgreenly.org\/#\/schema\/logo\/image\/","url":"https:\/\/bgreenly.org\/wp-content\/uploads\/2025\/05\/Logo-BGreenly.svg","contentUrl":"https:\/\/bgreenly.org\/wp-content\/uploads\/2025\/05\/Logo-BGreenly.svg","width":863,"height":278,"caption":"B Greenly"},"image":{"@id":"https:\/\/bgreenly.org\/#\/schema\/logo\/image\/"},"sameAs":["https:\/\/www.instagram.com\/bgreenly.certificate\/","https:\/\/www.linkedin.com\/company\/b-greenly"]}]}},"_links":{"self":[{"href":"https:\/\/bgreenly.org\/es\/wp-json\/wp\/v2\/pages\/231","targetHints":{"allow":["GET"]}}],"collection":[{"href":"https:\/\/bgreenly.org\/es\/wp-json\/wp\/v2\/pages"}],"about":[{"href":"https:\/\/bgreenly.org\/es\/wp-json\/wp\/v2\/types\/page"}],"author":[{"embeddable":true,"href":"https:\/\/bgreenly.org\/es\/wp-json\/wp\/v2\/users\/1"}],"replies":[{"embeddable":true,"href":"https:\/\/bgreenly.org\/es\/wp-json\/wp\/v2\/comments?post=231"}],"version-history":[{"count":1,"href":"https:\/\/bgreenly.org\/es\/wp-json\/wp\/v2\/pages\/231\/revisions"}],"predecessor-version":[{"id":232,"href":"https:\/\/bgreenly.org\/es\/wp-json\/wp\/v2\/pages\/231\/revisions\/232"}],"wp:attachment":[{"href":"https:\/\/bgreenly.org\/es\/wp-json\/wp\/v2\/media?parent=231"}],"curies":[{"name":"wp","href":"https:\/\/api.w.org\/{rel}","templated":true}]}}