{"id":229,"date":"2025-05-22T15:48:02","date_gmt":"2025-05-22T15:48:02","guid":{"rendered":"https:\/\/bgreenly.org\/new\/?page_id=229"},"modified":"2026-01-07T17:12:07","modified_gmt":"2026-01-07T17:12:07","slug":"privacy-policy","status":"publish","type":"page","link":"https:\/\/bgreenly.org\/es\/politica-de-privacidad","title":{"rendered":"pol\u00edtica de privacidad"},"content":{"rendered":"<p>Este texto legal proporciona detalles sobre c\u00f3mo recopilamos y procesamos sus datos personales a trav\u00e9s del uso de nuestro sitio web.&nbsp;<a href=\"https:\/\/bgreenly.org\/es\/\">https:\/\/www.bgreenly.org\/<\/a>, incluyendo cualquier informaci\u00f3n que proporcione a trav\u00e9s del formulario designado al enviar sus datos de contacto. Al proporcionarnos sus datos, usted reconoce que nuestros servicios no est\u00e1n disponibles para aquellas personas cuyas regulaciones les impiden dar su consentimiento. Por lo tanto, al enviar los formularios, usted garantiza tener la capacidad suficiente para dar su consentimiento.<\/p>\n\n\n\n<p>A continuaci\u00f3n, le informamos sobre la pol\u00edtica de protecci\u00f3n de datos de: B GREENLY<\/p>\n\n\n\n<ol class=\"wp-block-list\">\n<li><strong>Responsable del tratamiento de datos<\/strong>\u00a0Datos de contacto del responsable del tratamiento: B GREENLY, con CIF: B56493935, domicilio social en la calle Muntaner, n.\u00ba 170 \u2013 08036 \u2013 Barcelona. Correo electr\u00f3nico: hello@bgreenly.org. Inscrita en el Centro de Mediaci\u00f3n, Arbitraje y Conciliaci\u00f3n de la Delegaci\u00f3n Territorial de la Generalitat de Catalu\u00f1a para el Empleo, la Empresa y el Comercio con el n\u00famero de registro B56493935. B GREENLY es el responsable de sus datos (en adelante, \u00abnosotros\u00bb o \u00abnuestro\u00bb).<\/li>\n\n\n\n<li><strong>\u00bfQu\u00e9 datos recopilamos?<\/strong>&nbsp;El Reglamento General de Protecci\u00f3n de Datos define los datos personales como cualquier informaci\u00f3n relativa a una persona f\u00edsica identificada o identificable, es decir, cualquier informaci\u00f3n que permita identificar a una persona. Esto no incluye datos an\u00f3nimos ni porcentuales. Los datos personales que se recopilen directamente de usted ser\u00e1n tratados de forma confidencial e incorporados a las actividades de tratamiento correspondientes propiedad de B GREENLY. En nuestro sitio web, podemos tratar ciertos tipos de datos personales, entre ellos:<\/li>\n<\/ol>\n\n\n\n<ul class=\"wp-block-list\">\n<li>Datos de identidad: nombre.<\/li>\n\n\n\n<li>Datos de contacto: correo electr\u00f3nico y tel\u00e9fono. No recopilamos datos relacionados con categor\u00edas especiales de datos personales (aquellos que revelen origen \u00e9tnico o racial, opiniones pol\u00edticas, creencias religiosas o filos\u00f3ficas, afiliaci\u00f3n sindical e informaci\u00f3n sobre salud, datos gen\u00e9ticos o biom\u00e9tricos).<\/li>\n<\/ul>\n\n\n\n<ol start=\"3\" class=\"wp-block-list\">\n<li><strong>\u00bfC\u00f3mo recopilamos sus datos personales?<\/strong>&nbsp;Los medios que utilizamos para recabar datos personales son:<\/li>\n<\/ol>\n\n\n\n<ul class=\"wp-block-list\">\n<li>A trav\u00e9s del formulario de nuestra p\u00e1gina web, a trav\u00e9s de nuestro correo electr\u00f3nico de contacto, por tel\u00e9fono o por correo postal cuando usted:<\/li>\n\n\n\n<li>\n<ul class=\"wp-block-list\">\n<li>Solicita informaci\u00f3n sobre nuestros productos o servicios.<\/li>\n\n\n\n<li>Enviar consultas o solicitudes.<\/li>\n<\/ul>\n<\/li>\n<\/ul>\n\n\n\n<p>Para garantizar la calidad de nuestro portal, nos reservamos el derecho a rechazar cualquier solicitud de registro, o a suspender o cancelar un registro previamente aceptado si consideramos que no cumple con estos requisitos o cualquier otra ley o normativa. En tal caso, intentaremos explicar los motivos de nuestra decisi\u00f3n, pero no podemos comprometernos a hacerlo en todos los casos.<\/p>\n\n\n\n<ul class=\"wp-block-list\">\n<li>Mediante tecnolog\u00eda o interacciones automatizadas: en nuestro sitio, podemos recopilar autom\u00e1ticamente datos t\u00e9cnicos sobre su equipo, sus h\u00e1bitos de navegaci\u00f3n y sus patrones de uso. Estos datos se recopilan mediante cookies o tecnolog\u00edas similares.<\/li>\n\n\n\n<li>A trav\u00e9s de terceros:<\/li>\n\n\n\n<li>\n<ul class=\"wp-block-list\">\n<li>Google: datos anal\u00edticos o de b\u00fasqueda. Fuera de la Uni\u00f3n Europea.<\/li>\n<\/ul>\n<\/li>\n<\/ul>\n\n\n\n<ol start=\"4\" class=\"wp-block-list\">\n<li><strong>Finalidad y legitimidad para el uso de sus datos<\/strong>&nbsp;Los usos m\u00e1s comunes de sus datos personales son:<\/li>\n<\/ol>\n\n\n\n<ul class=\"wp-block-list\">\n<li>Para formalizar un contrato entre B GREENLY y usted.<\/li>\n\n\n\n<li>Cuando usted da su consentimiento para el tratamiento de sus datos.<\/li>\n\n\n\n<li>Cuando los necesitamos para cumplir con una obligaci\u00f3n legal o regulatoria.<\/li>\n\n\n\n<li>Cuando sea necesario para nuestros intereses leg\u00edtimos o los de un tercero. El Usuario podr\u00e1 revocar el consentimiento otorgado en cualquier momento enviando un correo electr\u00f3nico a hello@bgreenly.org o consultando la secci\u00f3n sobre el ejercicio de derechos m\u00e1s abajo.<\/li>\n<\/ul>\n\n\n\n<p>La siguiente tabla proporciona informaci\u00f3n sobre c\u00f3mo utilizaremos sus datos personales, la legitimidad de su tratamiento y los tipos de datos personales que trataremos. Podr\u00edamos tratar algunos datos personales por motivos legales adicionales, por lo que si necesita m\u00e1s informaci\u00f3n, puede escribir a hello@bgreenly.org.<\/p>\n\n\n\n<p><strong>Finalidad \u2013 Tipo de datos \u2013 Legitimaci\u00f3n del tratamiento<\/strong><\/p>\n\n\n\n<ul class=\"wp-block-list\">\n<li>Para unirse \u2013 Nombre, Tel\u00e9fono, Correo electr\u00f3nico \u2013 Consentimiento del interesado<\/li>\n<\/ul>\n\n\n\n<ol start=\"5\" class=\"wp-block-list\">\n<li><strong>\u00bfDurante cu\u00e1nto tiempo conservaremos sus datos?<\/strong>&nbsp;Conservaremos sus datos durante el tiempo necesario para cumplir con la finalidad para la que fueron recopilados y para determinar las posibles responsabilidades derivadas de dicha finalidad y del tratamiento de los datos. Se aplicar\u00e1n las diferentes normativas relativas al periodo de conservaci\u00f3n, seg\u00fan corresponda a este tratamiento.<\/li>\n\n\n\n<li><strong>Menores<\/strong>&nbsp;B GREENLY no autoriza a menores de 14 a\u00f1os a proporcionar sus datos personales a trav\u00e9s de los medios disponibles en este sitio web. Por lo tanto, quienes proporcionen datos personales a trav\u00e9s de dichos medios declaran formalmente ser mayores de 14 a\u00f1os, eximiendo a B GREENLY de cualquier responsabilidad por el incumplimiento de este requisito. Si su hijo menor de edad ha proporcionado informaci\u00f3n personal a B GREENLY, por favor, cont\u00e1ctenos para solicitar el ejercicio de sus derechos.<\/li>\n<\/ol>\n\n\n\n<p>En los casos en que los servicios ofrecidos por B GREENLY est\u00e9n destinados a menores de 14 a\u00f1os, se facilitar\u00e1n medios para obtener la autorizaci\u00f3n de los padres o tutores legales del menor.<\/p>\n\n\n\n<ol start=\"7\" class=\"wp-block-list\">\n<li><strong>Ejercicio de los derechos de protecci\u00f3n de datos<\/strong>&nbsp;\u00bfC\u00f3mo ejercer estos derechos? Los usuarios pueden enviar una comunicaci\u00f3n a la direcci\u00f3n social de B GREENLY o a la direcci\u00f3n de correo electr\u00f3nico.&nbsp;<a href=\"mailto:protecciondedatos@empresariosdecadiz.es\">hola@bgreenly.org<\/a>, incluyendo en ambos casos fotocopia de su DNI u otro documento identificativo similar, para solicitar el ejercicio de los siguientes derechos:<\/li>\n<\/ol>\n\n\n\n<ul class=\"wp-block-list\">\n<li>Acceso a sus datos personales: usted podr\u00e1 preguntar a B GREENLY si est\u00e1 utilizando sus datos personales.<\/li>\n\n\n\n<li>A solicitar su rectificaci\u00f3n si no son correctos o a ejercer el derecho al olvido respecto de los mismos.<\/li>\n\n\n\n<li>Para solicitar la limitaci\u00f3n del tratamiento, en este caso, \u00fanicamente ser\u00e1n conservados por B GREENLY para el ejercicio o la defensa de reclamaciones.<\/li>\n\n\n\n<li>A oponerse a su tratamiento: B GREENLY dejar\u00e1 de tratar los datos en la forma que usted indique salvo que, por motivos leg\u00edtimos o para el ejercicio o defensa de posibles reclamaciones, deban seguir trat\u00e1ndose.<\/li>\n\n\n\n<li>Portabilidad de datos: si deseas que tus datos sean tratados por otra empresa, B GREENLY te facilitar\u00e1 la portabilidad de tus datos al nuevo responsable del tratamiento.<\/li>\n<\/ul>\n\n\n\n<p>Puedes utilizar los modelos puestos a tu disposici\u00f3n por la Agencia Espa\u00f1ola de Protecci\u00f3n de Datos para ejercitar tus derechos: [link a modelos].<\/p>\n\n\n\n<p>Reclamaci\u00f3n ante la AEPD: Si consideras que hay un problema con la forma en que B GREENLY est\u00e1 tratando tus datos, puedes dirigir tus reclamaciones a la autoridad de control correspondiente, que en Espa\u00f1a es la Agencia Espa\u00f1ola de Protecci\u00f3n de Datos.<\/p>\n\n\n\n<p>Le solicitaremos informaci\u00f3n espec\u00edfica para confirmar su identidad y garantizar su derecho a acceder a sus datos personales (o a ejercer cualquiera de los dem\u00e1s derechos mencionados anteriormente). Esta medida de seguridad garantiza que sus datos personales no se divulguen a nadie que no tenga derecho a recibirlos.<\/p>\n\n\n\n<p>Todas las solicitudes se procesar\u00e1n dentro del plazo legal de un mes. Sin embargo, podr\u00eda tardar m\u00e1s de un mes si su solicitud es particularmente compleja. En ese caso, le notificaremos y le mantendremos informado.<\/p>\n\n\n\n<ol start=\"8\" class=\"wp-block-list\">\n<li><strong>Comunicaci\u00f3n de datos: prestaci\u00f3n del servicio<\/strong>&nbsp;En el desempe\u00f1o de nuestro trabajo, podemos necesitar la asistencia de terceros que \u00fanicamente tratar\u00e1n los datos para prestar el servicio contratado y con quienes contamos con las medidas correspondientes para garantizar sus derechos, como por ejemplo:<\/li>\n<\/ol>\n\n\n\n<ul class=\"wp-block-list\">\n<li>Proveedores de servicios que ofrecen administraci\u00f3n de sistemas y servicios de tecnolog\u00eda de la informaci\u00f3n.<\/li>\n\n\n\n<li>Asesores profesionales, incluyendo abogados, auditores y aseguradoras, que prestan servicios de consultor\u00eda en materia bancaria, legal, de seguros y contable. Todos los encargados del tratamiento de datos a quienes transferimos sus datos respetar\u00e1n la seguridad de sus datos personales y los tratar\u00e1n de conformidad con el RGPD. Solo permitimos que estos encargados traten sus datos para fines espec\u00edficos y de acuerdo con nuestras instrucciones. No obstante, puede solicitar, en cumplimiento de la transparencia, una lista de las empresas que nos prestan servicios; puede hacerlo enviando un correo electr\u00f3nico a hello@bgreenly.org<\/li>\n<\/ul>\n\n\n\n<ol start=\"9\" class=\"wp-block-list\">\n<li><strong>Seguridad de datos<\/strong>&nbsp;Hemos implementado medidas de seguridad adecuadas para evitar la p\u00e9rdida, el uso o el acceso accidental sin autorizaci\u00f3n, la alteraci\u00f3n o la divulgaci\u00f3n de sus datos personales. Adem\u00e1s, limitamos el acceso a sus datos personales a nuestros empleados, agentes contratados y terceros que tengan una necesidad comercial de conocerlos. Estos solo procesar\u00e1n sus datos personales seg\u00fan nuestras instrucciones y estar\u00e1n sujetos a un deber de confidencialidad.<\/li>\n<\/ol>\n\n\n\n<p>Hemos implementado procedimientos para abordar cualquier sospecha de violaci\u00f3n de sus datos personales, y le notificaremos a usted y a la Autoridad de Supervisi\u00f3n en caso de una violaci\u00f3n de seguridad, tal y como se regula en el RGPD en los art\u00edculos 33 y 34.<\/p>","protected":false},"excerpt":{"rendered":"<p>Este texto legal detalla c\u00f3mo recopilamos y procesamos sus datos personales a trav\u00e9s de nuestro sitio web https:\/\/www.bgreenly.org\/, incluyendo la informaci\u00f3n que usted proporcione mediante el formulario al enviar sus datos de contacto. Al facilitarnos sus datos, usted reconoce que nuestros servicios no est\u00e1n disponibles para aquellas personas cuyas regulaciones lo proh\u00edban.<\/p>","protected":false},"author":1,"featured_media":0,"parent":0,"menu_order":0,"comment_status":"closed","ping_status":"closed","template":"","meta":{"_acf_changed":false,"footnotes":""},"class_list":["post-229","page","type-page","status-publish","hentry"],"acf":[],"yoast_head":"<!-- This site is optimized with the Yoast SEO plugin v26.3 - https:\/\/yoast.com\/wordpress\/plugins\/seo\/ -->\n<title>B Greenly Privacy Policy<\/title>\n<meta name=\"description\" content=\"This legal text provides details on how we collect and process your personal data through the use of our website.\" \/>\n<meta name=\"robots\" content=\"noindex, nofollow\" \/>\n<meta property=\"og:locale\" content=\"es_ES\" \/>\n<meta property=\"og:type\" content=\"article\" \/>\n<meta property=\"og:title\" content=\"B Greenly Privacy Policy\" \/>\n<meta property=\"og:description\" content=\"This legal text provides details on how we collect and process your personal data through the use of our website.\" \/>\n<meta property=\"og:url\" content=\"https:\/\/bgreenly.org\/es\/politica-de-privacidad\" \/>\n<meta property=\"og:site_name\" content=\"B Greenly\" \/>\n<meta property=\"article:modified_time\" content=\"2026-01-07T17:12:07+00:00\" \/>\n<meta name=\"twitter:card\" content=\"summary_large_image\" \/>\n<meta name=\"twitter:label1\" content=\"Tiempo de lectura\" \/>\n\t<meta name=\"twitter:data1\" content=\"7 minutos\" \/>\n<script type=\"application\/ld+json\" class=\"yoast-schema-graph\">{\"@context\":\"https:\/\/schema.org\",\"@graph\":[{\"@type\":\"WebPage\",\"@id\":\"https:\/\/bgreenly.org\/privacy-policy\",\"url\":\"https:\/\/bgreenly.org\/privacy-policy\",\"name\":\"B Greenly Privacy Policy\",\"isPartOf\":{\"@id\":\"https:\/\/bgreenly.org\/#website\"},\"datePublished\":\"2025-05-22T15:48:02+00:00\",\"dateModified\":\"2026-01-07T17:12:07+00:00\",\"description\":\"This legal text provides details on how we collect and process your personal data through the use of our website.\",\"breadcrumb\":{\"@id\":\"https:\/\/bgreenly.org\/privacy-policy#breadcrumb\"},\"inLanguage\":\"es\",\"potentialAction\":[{\"@type\":\"ReadAction\",\"target\":[\"https:\/\/bgreenly.org\/privacy-policy\"]}]},{\"@type\":\"BreadcrumbList\",\"@id\":\"https:\/\/bgreenly.org\/privacy-policy#breadcrumb\",\"itemListElement\":[{\"@type\":\"ListItem\",\"position\":1,\"name\":\"Portada\",\"item\":\"https:\/\/bgreenly.org\/\"},{\"@type\":\"ListItem\",\"position\":2,\"name\":\"Privacy Policy\"}]},{\"@type\":\"WebSite\",\"@id\":\"https:\/\/bgreenly.org\/#website\",\"url\":\"https:\/\/bgreenly.org\/\",\"name\":\"B Greenly\",\"description\":\"Sustainability certification for events and venues \u2014 B Greenly\",\"publisher\":{\"@id\":\"https:\/\/bgreenly.org\/#organization\"},\"potentialAction\":[{\"@type\":\"SearchAction\",\"target\":{\"@type\":\"EntryPoint\",\"urlTemplate\":\"https:\/\/bgreenly.org\/?s={search_term_string}\"},\"query-input\":{\"@type\":\"PropertyValueSpecification\",\"valueRequired\":true,\"valueName\":\"search_term_string\"}}],\"inLanguage\":\"es\"},{\"@type\":\"Organization\",\"@id\":\"https:\/\/bgreenly.org\/#organization\",\"name\":\"B Greenly\",\"url\":\"https:\/\/bgreenly.org\/\",\"logo\":{\"@type\":\"ImageObject\",\"inLanguage\":\"es\",\"@id\":\"https:\/\/bgreenly.org\/#\/schema\/logo\/image\/\",\"url\":\"https:\/\/bgreenly.org\/wp-content\/uploads\/2025\/05\/Logo-BGreenly.svg\",\"contentUrl\":\"https:\/\/bgreenly.org\/wp-content\/uploads\/2025\/05\/Logo-BGreenly.svg\",\"width\":863,\"height\":278,\"caption\":\"B Greenly\"},\"image\":{\"@id\":\"https:\/\/bgreenly.org\/#\/schema\/logo\/image\/\"},\"sameAs\":[\"https:\/\/www.instagram.com\/bgreenly.certificate\/\",\"https:\/\/www.linkedin.com\/company\/b-greenly\"]}]}<\/script>\n<!-- \/ Yoast SEO plugin. -->","yoast_head_json":{"title":"B Greenly Privacy Policy","description":"This legal text provides details on how we collect and process your personal data through the use of our website.","robots":{"index":"noindex","follow":"nofollow"},"og_locale":"es_ES","og_type":"article","og_title":"B Greenly Privacy Policy","og_description":"This legal text provides details on how we collect and process your personal data through the use of our website.","og_url":"https:\/\/bgreenly.org\/es\/politica-de-privacidad","og_site_name":"B Greenly","article_modified_time":"2026-01-07T17:12:07+00:00","twitter_card":"summary_large_image","twitter_misc":{"Tiempo de lectura":"7 minutos"},"schema":{"@context":"https:\/\/schema.org","@graph":[{"@type":"WebPage","@id":"https:\/\/bgreenly.org\/privacy-policy","url":"https:\/\/bgreenly.org\/privacy-policy","name":"B Greenly Privacy Policy","isPartOf":{"@id":"https:\/\/bgreenly.org\/#website"},"datePublished":"2025-05-22T15:48:02+00:00","dateModified":"2026-01-07T17:12:07+00:00","description":"This legal text provides details on how we collect and process your personal data through the use of our website.","breadcrumb":{"@id":"https:\/\/bgreenly.org\/privacy-policy#breadcrumb"},"inLanguage":"es","potentialAction":[{"@type":"ReadAction","target":["https:\/\/bgreenly.org\/privacy-policy"]}]},{"@type":"BreadcrumbList","@id":"https:\/\/bgreenly.org\/privacy-policy#breadcrumb","itemListElement":[{"@type":"ListItem","position":1,"name":"Portada","item":"https:\/\/bgreenly.org\/"},{"@type":"ListItem","position":2,"name":"Privacy Policy"}]},{"@type":"WebSite","@id":"https:\/\/bgreenly.org\/#website","url":"https:\/\/bgreenly.org\/","name":"B Greenly","description":"Sustainability certification for events and venues \u2014 B Greenly","publisher":{"@id":"https:\/\/bgreenly.org\/#organization"},"potentialAction":[{"@type":"SearchAction","target":{"@type":"EntryPoint","urlTemplate":"https:\/\/bgreenly.org\/?s={search_term_string}"},"query-input":{"@type":"PropertyValueSpecification","valueRequired":true,"valueName":"search_term_string"}}],"inLanguage":"es"},{"@type":"Organization","@id":"https:\/\/bgreenly.org\/#organization","name":"B Greenly","url":"https:\/\/bgreenly.org\/","logo":{"@type":"ImageObject","inLanguage":"es","@id":"https:\/\/bgreenly.org\/#\/schema\/logo\/image\/","url":"https:\/\/bgreenly.org\/wp-content\/uploads\/2025\/05\/Logo-BGreenly.svg","contentUrl":"https:\/\/bgreenly.org\/wp-content\/uploads\/2025\/05\/Logo-BGreenly.svg","width":863,"height":278,"caption":"B Greenly"},"image":{"@id":"https:\/\/bgreenly.org\/#\/schema\/logo\/image\/"},"sameAs":["https:\/\/www.instagram.com\/bgreenly.certificate\/","https:\/\/www.linkedin.com\/company\/b-greenly"]}]}},"_links":{"self":[{"href":"https:\/\/bgreenly.org\/es\/wp-json\/wp\/v2\/pages\/229","targetHints":{"allow":["GET"]}}],"collection":[{"href":"https:\/\/bgreenly.org\/es\/wp-json\/wp\/v2\/pages"}],"about":[{"href":"https:\/\/bgreenly.org\/es\/wp-json\/wp\/v2\/types\/page"}],"author":[{"embeddable":true,"href":"https:\/\/bgreenly.org\/es\/wp-json\/wp\/v2\/users\/1"}],"replies":[{"embeddable":true,"href":"https:\/\/bgreenly.org\/es\/wp-json\/wp\/v2\/comments?post=229"}],"version-history":[{"count":2,"href":"https:\/\/bgreenly.org\/es\/wp-json\/wp\/v2\/pages\/229\/revisions"}],"predecessor-version":[{"id":445,"href":"https:\/\/bgreenly.org\/es\/wp-json\/wp\/v2\/pages\/229\/revisions\/445"}],"wp:attachment":[{"href":"https:\/\/bgreenly.org\/es\/wp-json\/wp\/v2\/media?parent=229"}],"curies":[{"name":"wp","href":"https:\/\/api.w.org\/{rel}","templated":true}]}}