{"id":226,"date":"2025-05-22T15:44:34","date_gmt":"2025-05-22T15:44:34","guid":{"rendered":"https:\/\/bgreenly.org\/new\/?page_id=226"},"modified":"2026-01-07T17:12:48","modified_gmt":"2026-01-07T17:12:48","slug":"legal-notice","status":"publish","type":"page","link":"https:\/\/bgreenly.org\/es\/aviso-legal","title":{"rendered":"Aviso legal"},"content":{"rendered":"<ol class=\"wp-block-list\">\n<li><strong>Informaci\u00f3n legal y aceptaci\u00f3n<\/strong><\/li>\n<\/ol>\n\n\n\n<p>En cumplimiento del art\u00edculo 10 de la Ley 34\/2002, de 11 de julio, de Servicios de la Sociedad de la Informaci\u00f3n y de Comercio Electr\u00f3nico, a continuaci\u00f3n se detallan los datos identificativos de la empresa. Este sitio web es puesto a disposici\u00f3n de los usuarios por la entidad, cuyos datos identificativos son los siguientes:<\/p>\n\n\n\n<ol class=\"wp-block-list\">\n<li>\n<ul class=\"wp-block-list\">\n<li>Nombre de la empresa: B GREENLY<\/li>\n\n\n\n<li>N\u00famero de Identificaci\u00f3n Fiscal (CIF): B56493935<\/li>\n\n\n\n<li>Domicilio social: Calle Muntaner, N\u00ba.170 \u2013 08036 \u2013 Barcelona<\/li>\n\n\n\n<li>Correo electr\u00f3nico: hello@bgreenly.org<\/li>\n\n\n\n<li>Datos Registrales: Inscrita en el Centro de Mediaci\u00f3n, Arbitraje y Conciliaci\u00f3n de la Delegaci\u00f3n Territorial de la Junta de Andaluc\u00eda para Empleo, Empresa y Comercio con el n\u00famero de registro 166.<\/li>\n<\/ul>\n<\/li>\n<\/ol>\n\n\n\n<p>Este aviso legal incluye las condiciones generales que rigen el acceso y el uso de este sitio web, en adelante \u00abel sitio web\u00bb. El uso del sitio web implica la aceptaci\u00f3n expresa y plena de estas condiciones generales en la versi\u00f3n publicada en el momento en que el usuario acceda a \u00e9l, sin perjuicio de las condiciones espec\u00edficas que puedan aplicarse a algunos servicios espec\u00edficos del sitio web.<\/p>\n\n\n\n<p>El acceso al sitio web es gratuito, salvo el coste de la conexi\u00f3n a trav\u00e9s de la red de telecomunicaciones proporcionada por el proveedor de acceso contratado por los usuarios. Algunos servicios son exclusivos para nuestros clientes y su acceso est\u00e1 restringido.<\/p>\n\n\n\n<p>El uso del Sitio Web atribuye la condici\u00f3n de usuario del mismo (en adelante, el \u00abUsuario\u00bb) e implica la aceptaci\u00f3n de todas las condiciones incluidas en este Aviso Legal. La prestaci\u00f3n del servicio del Sitio Web se limita al momento en que el Usuario se conecta al Sitio Web o a cualquiera de los servicios que se prestan a trav\u00e9s de \u00e9l. Por lo tanto, el Usuario debe leer atentamente este Aviso Legal cada vez que vaya a utilizar el Sitio Web, ya que este y sus condiciones de uso recogidas en este Aviso Legal pueden sufrir modificaciones. Algunos servicios del Sitio Web accesibles para los usuarios de Internet o exclusivos para los clientes de B GREENLY pueden estar sujetos a condiciones, reglamentos e instrucciones espec\u00edficas que, en su caso, sustituyen, completan y\/o modifican este Aviso Legal y deben ser aceptadas por el Usuario antes de que comience la prestaci\u00f3n del servicio correspondiente.<\/p>\n\n\n\n<ol class=\"wp-block-list\">\n<li><strong>Propiedad Intelectual e Industrial<\/strong><\/li>\n<\/ol>\n\n\n\n<p>Este sitio web y el contenido que alberga est\u00e1n protegidos por la legislaci\u00f3n vigente en materia de propiedad intelectual. B GREENLY es titular o licenciatario de todos los derechos de propiedad intelectual e industrial de su sitio web, as\u00ed como de los elementos que contiene. Por lo tanto, queda expresamente prohibida la reproducci\u00f3n, distribuci\u00f3n, comunicaci\u00f3n p\u00fablica y transformaci\u00f3n de la totalidad o parte del contenido de este sitio web con fines comerciales, en cualquier soporte y por cualquier medio t\u00e9cnico, sin la autorizaci\u00f3n de los T\u00e9rminos y Condiciones.<\/p>\n\n\n\n<p>Las marcas, nombres comerciales o signos distintivos son propiedad de B GREENLY, ya sea por propiedad industrial o intelectual, sin que pueda entenderse que el acceso al Sitio Web atribuya derecho alguno sobre las citadas marcas, nombres comerciales y\/o signos distintivos.<\/p>\n\n\n\n<ol class=\"wp-block-list\">\n<li><strong>Condiciones de uso del sitio web<\/strong><\/li>\n<\/ol>\n\n\n\n<p>3.1&nbsp;<strong>General<\/strong><\/p>\n\n\n\n<p>El Usuario se compromete a hacer un uso correcto del sitio web de conformidad con la Ley y el presente Aviso Legal. El Usuario responder\u00e1 ante B GREENLY o terceros de cualquier da\u00f1o que pueda causarse como consecuencia del incumplimiento de esta obligaci\u00f3n. Queda expresamente prohibido el uso del sitio web con fines lesivos para los bienes o intereses de B GREENLY o de terceros, o que sobrecargue, da\u00f1e o inutilice de cualquier forma las redes, servidores y dem\u00e1s equipos inform\u00e1ticos (hardware), productos y aplicaciones inform\u00e1ticas (software) de B GREENLY o de terceros.<\/p>\n\n\n\n<p>3.2&nbsp;<strong>Contenido<\/strong><\/p>\n\n\n\n<p>El Usuario se compromete a utilizar los Contenidos de conformidad con la Ley y el presente Aviso Legal, as\u00ed como con las dem\u00e1s condiciones, reglamentos e instrucciones que en su caso pudieran ser de aplicaci\u00f3n de conformidad con lo dispuesto en la cl\u00e1usula 1. A t\u00edtulo meramente enunciativo, el Usuario, de acuerdo con la legislaci\u00f3n vigente, deber\u00e1 abstenerse de:<\/p>\n\n\n\n<ol class=\"wp-block-list\">\n<li>\n<ul class=\"wp-block-list\">\n<li>Reproducir, copiar, distribuir, poner a disposici\u00f3n, comunicar p\u00fablicamente, transformar o modificar los Contenidos, salvo en los casos autorizados en la ley o expresamente consentidos por la Confederaci\u00f3n de Empresarios de la Provincia de C\u00e1diz o del titular de los derechos de explotaci\u00f3n, en su caso.<\/li>\n\n\n\n<li>Reproducir o copiar para uso privado los Contenidos que puedan ser considerados Software o Base de Datos seg\u00fan la legislaci\u00f3n vigente en materia de propiedad intelectual, as\u00ed como su comunicaci\u00f3n p\u00fablica o puesta a disposici\u00f3n de terceros cuando estos actos impliquen necesariamente la reproducci\u00f3n por parte del Usuario o de un tercero.<\/li>\n\n\n\n<li>Extraer y\/o reutilizar la totalidad o una parte sustancial de los Contenidos integrantes del Sitio Web, as\u00ed como las bases de datos que B GREENLY ponga a disposici\u00f3n de los Usuarios.<\/li>\n<\/ul>\n<\/li>\n<\/ol>\n\n\n\n<p>3.3&nbsp;<strong>Introducci\u00f3n de enlaces al sitio web<\/strong><\/p>\n\n\n\n<p>El usuario de Internet que quiera introducir enlaces desde sus propias p\u00e1ginas web al Sitio Web deber\u00e1 cumplir con las condiciones siguientes sin que el desconocimiento de las mismas exima de las responsabilidades derivadas de la Ley:<\/p>\n\n\n\n<ol class=\"wp-block-list\">\n<li>\n<ul class=\"wp-block-list\">\n<li>El enlace \u00fanicamente vincular\u00e1 con la home page o p\u00e1gina principal del sitio web pero no podr\u00e1 reproducirla de ninguna forma (online links, copia de los textos, gr\u00e1ficos, etc.).<\/li>\n\n\n\n<li>Queda expresamente prohibido, de acuerdo con la legislaci\u00f3n aplicable y vigente en cada momento, establecer frames o marcos de cualquier tipo que envuelvan al sitio web o permitan la visualizaci\u00f3n de los Contenidos a trav\u00e9s de direcciones de Internet distintas a las del sitio web y, en cualquier caso, cuando se visualicen conjuntamente con contenidos ajenos al Sitio Web de forma que: (I) produzca, o pueda producir, error, confusi\u00f3n o enga\u00f1o en los usuarios sobre la verdadera procedencia del servicio o Contenidos; (II) constituya un acto de comparaci\u00f3n o imitaci\u00f3n desleal; (III) sirva para aprovechar la reputaci\u00f3n de la marca y prestigio de B GREENLYz; o (IV) de cualquier otra forma resulte prohibido por la legislaci\u00f3n vigente.<\/li>\n\n\n\n<li>No se realizar\u00e1n desde la p\u00e1gina que introduce el enlace ning\u00fan tipo de manifestaci\u00f3n falsa, inexacta o incorrecta sobre B GREENLY, sus socios, empleados, clientes o sobre la calidad de los servicios que presta.<\/li>\n\n\n\n<li>En ning\u00fan caso, se expresar\u00e1 en la p\u00e1gina donde se ubique el enlace que B GREENLY ha prestado su consentimiento para la inserci\u00f3n del enlace o que de otra forma patrocina, colabora, verifica o supervisa los servicios del remitente.<\/li>\n\n\n\n<li>Est\u00e1 prohibida la utilizaci\u00f3n de cualquier marca denominativa, gr\u00e1fica o mixta o cualquier otro signo distintivo de B GREENLY dentro de la p\u00e1gina del remitente salvo en los casos permitidos por la ley o expresamente autorizados por B GREENLY y en estos casos se permitir\u00e1 un enlace directo con el Sitio Web en la forma establecida en esta cl\u00e1usula.<\/li>\n<\/ul>\n<\/li>\n\n\n\n<li><strong>Exclusi\u00f3n de responsabilidad<\/strong><\/li>\n<\/ol>\n\n\n\n<p>4.1&nbsp;<strong>Informaci\u00f3n<\/strong><\/p>\n\n\n\n<p>B GREENLY no se responsabiliza de las decisiones tomadas a partir de la informaci\u00f3n proporcionada en el Sitio Web ni de los da\u00f1os y perjuicios sufridos por el Usuario o terceros con motivo de actuaciones que tengan como \u00fanico fundamento la informaci\u00f3n obtenida en el Sitio Web.<\/p>\n\n\n\n<p>4.2&nbsp;<strong>Calidad del servicio<\/strong><\/p>\n\n\n\n<p>El acceso al Sitio Web no implica la obligaci\u00f3n por parte de B GREENLY de controlar la ausencia de virus, gusanos o cualquier otro elemento inform\u00e1tico da\u00f1ino. Es responsabilidad del Usuario disponer de herramientas adecuadas para la detecci\u00f3n y desinfecci\u00f3n de programas inform\u00e1ticos da\u00f1inos. B GREENLY no se responsabiliza de los da\u00f1os causados a los equipos inform\u00e1ticos de los Usuarios o de terceros durante la prestaci\u00f3n del servicio del Sitio Web.<\/p>\n\n\n\n<p>4.3&nbsp;<strong>Disponibilidad del servicio<\/strong><\/p>\n\n\n\n<p>El acceso al Sitio Web requiere servicios y suministros de terceros, incluido el transporte a trav\u00e9s de redes de telecomunicaciones, cuya fiabilidad, calidad, continuidad y funcionamiento no son responsabilidad de la Confederaci\u00f3n de Empresarios de la Provincia de C\u00e1diz. Por lo tanto, los servicios prestados a trav\u00e9s del Sitio Web pueden suspenderse, cancelarse o resultar inaccesibles, ya sea antes o simult\u00e1neamente a la prestaci\u00f3n del servicio del Sitio Web. B GREENLY no se responsabiliza de los da\u00f1os de ning\u00fan tipo causados al Usuario como consecuencia de fallos o desconexiones en las redes de telecomunicaciones que provoquen la suspensi\u00f3n, cancelaci\u00f3n o interrupci\u00f3n del servicio del Sitio Web durante su prestaci\u00f3n o con anterioridad.<\/p>\n\n\n\n<p>4.4&nbsp;<strong>Contenidos y Servicios Enlazados a trav\u00e9s del Sitio Web<\/strong><\/p>\n\n\n\n<p>El servicio de acceso al Sitio Web incluye dispositivos t\u00e9cnicos de enlace, directorios e incluso herramientas de b\u00fasqueda que permiten al Usuario acceder a otras p\u00e1ginas y sitios web de Internet (en adelante, \u00abSitios Enlazados\u00bb). En estos casos, B GREENLY act\u00faa como prestador de servicios de intermediaci\u00f3n de conformidad con el art\u00edculo 17 de la Ley 34\/2002, de 12 de julio, de Servicios de la Sociedad de la Informaci\u00f3n y del Comercio Electr\u00f3nico (LSSI), y solo ser\u00e1 responsable de los contenidos y servicios suministrados en los Sitios Enlazados en la medida en que tenga conocimiento efectivo de la ilicitud y no haya desactivado el enlace con la debida diligencia. En caso de que el Usuario considere que existe un Sitio Enlazado con contenido ilegal o inadecuado, podr\u00e1 comunic\u00e1rselo a B GREENLY de acuerdo con el procedimiento y los efectos establecidos en la cl\u00e1usula 6, sin que esta comunicaci\u00f3n implique, en ning\u00fan caso, la obligaci\u00f3n de retirar el enlace correspondiente. La existencia de Sitios Enlazados no presupone en ning\u00fan caso la existencia de acuerdos con sus administradores o propietarios, ni la recomendaci\u00f3n, promoci\u00f3n o identificaci\u00f3n de B GREENLY con las afirmaciones, contenidos o servicios prestados. B GREENLY desconoce los contenidos y servicios de los Sitios Enlazados y, por lo tanto, no se responsabiliza de los da\u00f1os causados por la ilegalidad, calidad, desactualizaci\u00f3n, indisponibilidad, error o inutilidad de los contenidos y\/o servicios de los Sitios Enlazados, ni de ning\u00fan otro da\u00f1o que no sea directamente imputable a B GREENLY.<\/p>\n\n\n\n<ol class=\"wp-block-list\">\n<li><strong>Protecci\u00f3n de datos<\/strong><\/li>\n<\/ol>\n\n\n\n<p>Puedes consultar nuestra Pol\u00edtica de Protecci\u00f3n de Datos [link] para conocer el uso que hacemos de tus datos personales.<\/p>\n\n\n\n<ol class=\"wp-block-list\">\n<li><strong>Comunicaci\u00f3n de actividades il\u00edcitas e inapropiadas<\/strong><\/li>\n<\/ol>\n\n\n\n<p>En el caso de que el Usuario o cualquier otro usuario de Internet tuviera conocimiento de que los Sitios Enlazados remiten a p\u00e1ginas cuyos contenidos o servicios son il\u00edcitos, nocivos, denigrantes, violentos o contrarios a la moral podr\u00e1 ponerse en contacto con B GREENLY indicando los siguientes extremos:<\/p>\n\n\n\n<ol class=\"wp-block-list\">\n<li>\n<ol class=\"wp-block-list\">\n<li>Datos personales del comunicante: nombre, direcci\u00f3n, n\u00famero de tel\u00e9fono y direcci\u00f3n de correo electr\u00f3nico.<\/li>\n\n\n\n<li>Descripci\u00f3n de los hechos que revelan el car\u00e1cter il\u00edcito o inadecuado del Sitio Enlazado.<\/li>\n\n\n\n<li>En caso de violaci\u00f3n de derechos, tales como propiedad intelectual e industrial, los datos personales del titular del derecho infringido cuando sea persona distinta del comunicante.<\/li>\n\n\n\n<li>El comunicante deber\u00e1 aportar tambi\u00e9n prueba de la legitimaci\u00f3n del titular de los derechos y, en su caso, de la representaci\u00f3n para actuar por cuenta del titular cuando sea persona distinta del comunicante.<\/li>\n\n\n\n<li>Declaraci\u00f3n expresa de que la informaci\u00f3n contenida en la reclamaci\u00f3n es exacta.<\/li>\n<\/ol>\n<\/li>\n<\/ol>\n\n\n\n<p>La recepci\u00f3n por parte de B GREENLY de la comunicaci\u00f3n prevista en esta cl\u00e1usula no implicar\u00e1, seg\u00fan lo dispuesto en la LSSI, un conocimiento efectivo de las actividades o contenidos indicados por el comunicante. El comunicante tambi\u00e9n deber\u00e1 acreditar la legitimaci\u00f3n del titular de los derechos y, en su caso, la representaci\u00f3n para actuar en nombre del titular cuando sea persona distinta del comunicante. Una declaraci\u00f3n expresa de que la informaci\u00f3n contenida en la reclamaci\u00f3n es exacta.<\/p>\n\n\n\n<ol class=\"wp-block-list\">\n<li><strong>Notificaciones<\/strong><\/li>\n<\/ol>\n\n\n\n<p>Todas las notificaciones y comunicaciones realizadas por las partes ser\u00e1n v\u00e1lidas conforme a los medios admitidos en derecho. Las relacionadas con este Sitio Web se considerar\u00e1n eficaces, a todos los efectos, si se realizan a trav\u00e9s del propio Sitio Web.<\/p>\n\n\n\n<ol class=\"wp-block-list\">\n<li><strong>Modificaciones<\/strong><\/li>\n<\/ol>\n\n\n\n<p>B GREENLY se reserva el derecho de modificar su sitio web sin previo aviso, pudiendo cambiar, eliminar o a\u00f1adir tanto los contenidos y servicios que ofrece como la forma en que se presentan. Por otro lado, estos t\u00e9rminos y condiciones pueden cambiar en cualquier momento. Las modificaciones entrar\u00e1n en vigor desde su publicaci\u00f3n.<\/p>\n\n\n\n<ol class=\"wp-block-list\">\n<li><strong>Redes sociales<\/strong><\/li>\n<\/ol>\n\n\n\n<p>CB GREENLY est\u00e1 presente en diversas redes sociales y plataformas, por lo que al acceder a cualquiera de estas u otras redes, se deber\u00e1 tener en cuenta que las condiciones de uso aplicables son las establecidas por cada plataforma, en las que CB GREENLY no interviene.<\/p>\n\n\n\n<ol class=\"wp-block-list\">\n<li><strong>Legislaci\u00f3n<\/strong><\/li>\n<\/ol>\n\n\n\n<p>El presente Aviso Legal se rige en todos sus aspectos por la legislaci\u00f3n espa\u00f1ola. Si la legislaci\u00f3n aplicable permite la renuncia al fuero establecido, se designan los juzgados y tribunales de Barcelona como jurisdicci\u00f3n para resolver cualquier controversia, con renuncia expresa del usuario a cualquier otro fuero que pudiera corresponderle.<\/p>","protected":false},"excerpt":{"rendered":"<p>En cumplimiento del art\u00edculo 10 de la Ley 34\/2002, de 11 de julio, de Servicios de la Sociedad de la Informaci\u00f3n y de Comercio Electr\u00f3nico, a continuaci\u00f3n se detallan los datos identificativos de la empresa. Este sitio web es puesto a disposici\u00f3n de los usuarios por la entidad, cuyos datos identificativos son los siguientes: El presente aviso legal incluye las condiciones generales que rigen el acceso y uso [\u2026]<\/p>","protected":false},"author":1,"featured_media":0,"parent":0,"menu_order":0,"comment_status":"closed","ping_status":"closed","template":"","meta":{"_acf_changed":false,"footnotes":""},"class_list":["post-226","page","type-page","status-publish","hentry"],"acf":[],"yoast_head":"<!-- This site is optimized with the Yoast SEO plugin v26.3 - https:\/\/yoast.com\/wordpress\/plugins\/seo\/ -->\n<title>B Greenly Legal Notice<\/title>\n<meta name=\"description\" content=\"This legal notice includes the general conditions that govern access to and use of this website.\" \/>\n<meta name=\"robots\" content=\"noindex, nofollow\" \/>\n<meta property=\"og:locale\" content=\"es_ES\" \/>\n<meta property=\"og:type\" content=\"article\" \/>\n<meta property=\"og:title\" content=\"B Greenly Legal Notice\" \/>\n<meta property=\"og:description\" content=\"This legal notice includes the general conditions that govern access to and use of this website.\" \/>\n<meta property=\"og:url\" content=\"https:\/\/bgreenly.org\/es\/aviso-legal\" \/>\n<meta property=\"og:site_name\" content=\"B Greenly\" \/>\n<meta property=\"article:modified_time\" content=\"2026-01-07T17:12:48+00:00\" \/>\n<meta name=\"twitter:card\" content=\"summary_large_image\" \/>\n<meta name=\"twitter:label1\" content=\"Tiempo de lectura\" \/>\n\t<meta name=\"twitter:data1\" content=\"9 minutos\" \/>\n<script type=\"application\/ld+json\" class=\"yoast-schema-graph\">{\"@context\":\"https:\/\/schema.org\",\"@graph\":[{\"@type\":\"WebPage\",\"@id\":\"https:\/\/bgreenly.org\/legal-notice\",\"url\":\"https:\/\/bgreenly.org\/legal-notice\",\"name\":\"B Greenly Legal Notice\",\"isPartOf\":{\"@id\":\"https:\/\/bgreenly.org\/#website\"},\"datePublished\":\"2025-05-22T15:44:34+00:00\",\"dateModified\":\"2026-01-07T17:12:48+00:00\",\"description\":\"This legal notice includes the general conditions that govern access to and use of this website.\",\"breadcrumb\":{\"@id\":\"https:\/\/bgreenly.org\/legal-notice#breadcrumb\"},\"inLanguage\":\"es\",\"potentialAction\":[{\"@type\":\"ReadAction\",\"target\":[\"https:\/\/bgreenly.org\/legal-notice\"]}]},{\"@type\":\"BreadcrumbList\",\"@id\":\"https:\/\/bgreenly.org\/legal-notice#breadcrumb\",\"itemListElement\":[{\"@type\":\"ListItem\",\"position\":1,\"name\":\"Portada\",\"item\":\"https:\/\/bgreenly.org\/\"},{\"@type\":\"ListItem\",\"position\":2,\"name\":\"Legal Notice\"}]},{\"@type\":\"WebSite\",\"@id\":\"https:\/\/bgreenly.org\/#website\",\"url\":\"https:\/\/bgreenly.org\/\",\"name\":\"B Greenly\",\"description\":\"Sustainability certification for events and venues \u2014 B Greenly\",\"publisher\":{\"@id\":\"https:\/\/bgreenly.org\/#organization\"},\"potentialAction\":[{\"@type\":\"SearchAction\",\"target\":{\"@type\":\"EntryPoint\",\"urlTemplate\":\"https:\/\/bgreenly.org\/?s={search_term_string}\"},\"query-input\":{\"@type\":\"PropertyValueSpecification\",\"valueRequired\":true,\"valueName\":\"search_term_string\"}}],\"inLanguage\":\"es\"},{\"@type\":\"Organization\",\"@id\":\"https:\/\/bgreenly.org\/#organization\",\"name\":\"B Greenly\",\"url\":\"https:\/\/bgreenly.org\/\",\"logo\":{\"@type\":\"ImageObject\",\"inLanguage\":\"es\",\"@id\":\"https:\/\/bgreenly.org\/#\/schema\/logo\/image\/\",\"url\":\"https:\/\/bgreenly.org\/wp-content\/uploads\/2025\/05\/Logo-BGreenly.svg\",\"contentUrl\":\"https:\/\/bgreenly.org\/wp-content\/uploads\/2025\/05\/Logo-BGreenly.svg\",\"width\":863,\"height\":278,\"caption\":\"B Greenly\"},\"image\":{\"@id\":\"https:\/\/bgreenly.org\/#\/schema\/logo\/image\/\"},\"sameAs\":[\"https:\/\/www.instagram.com\/bgreenly.certificate\/\",\"https:\/\/www.linkedin.com\/company\/b-greenly\"]}]}<\/script>\n<!-- \/ Yoast SEO plugin. -->","yoast_head_json":{"title":"B Greenly Legal Notice","description":"This legal notice includes the general conditions that govern access to and use of this website.","robots":{"index":"noindex","follow":"nofollow"},"og_locale":"es_ES","og_type":"article","og_title":"B Greenly Legal Notice","og_description":"This legal notice includes the general conditions that govern access to and use of this website.","og_url":"https:\/\/bgreenly.org\/es\/aviso-legal","og_site_name":"B Greenly","article_modified_time":"2026-01-07T17:12:48+00:00","twitter_card":"summary_large_image","twitter_misc":{"Tiempo de lectura":"9 minutos"},"schema":{"@context":"https:\/\/schema.org","@graph":[{"@type":"WebPage","@id":"https:\/\/bgreenly.org\/legal-notice","url":"https:\/\/bgreenly.org\/legal-notice","name":"B Greenly Legal Notice","isPartOf":{"@id":"https:\/\/bgreenly.org\/#website"},"datePublished":"2025-05-22T15:44:34+00:00","dateModified":"2026-01-07T17:12:48+00:00","description":"This legal notice includes the general conditions that govern access to and use of this website.","breadcrumb":{"@id":"https:\/\/bgreenly.org\/legal-notice#breadcrumb"},"inLanguage":"es","potentialAction":[{"@type":"ReadAction","target":["https:\/\/bgreenly.org\/legal-notice"]}]},{"@type":"BreadcrumbList","@id":"https:\/\/bgreenly.org\/legal-notice#breadcrumb","itemListElement":[{"@type":"ListItem","position":1,"name":"Portada","item":"https:\/\/bgreenly.org\/"},{"@type":"ListItem","position":2,"name":"Legal Notice"}]},{"@type":"WebSite","@id":"https:\/\/bgreenly.org\/#website","url":"https:\/\/bgreenly.org\/","name":"B Greenly","description":"Sustainability certification for events and venues \u2014 B Greenly","publisher":{"@id":"https:\/\/bgreenly.org\/#organization"},"potentialAction":[{"@type":"SearchAction","target":{"@type":"EntryPoint","urlTemplate":"https:\/\/bgreenly.org\/?s={search_term_string}"},"query-input":{"@type":"PropertyValueSpecification","valueRequired":true,"valueName":"search_term_string"}}],"inLanguage":"es"},{"@type":"Organization","@id":"https:\/\/bgreenly.org\/#organization","name":"B Greenly","url":"https:\/\/bgreenly.org\/","logo":{"@type":"ImageObject","inLanguage":"es","@id":"https:\/\/bgreenly.org\/#\/schema\/logo\/image\/","url":"https:\/\/bgreenly.org\/wp-content\/uploads\/2025\/05\/Logo-BGreenly.svg","contentUrl":"https:\/\/bgreenly.org\/wp-content\/uploads\/2025\/05\/Logo-BGreenly.svg","width":863,"height":278,"caption":"B Greenly"},"image":{"@id":"https:\/\/bgreenly.org\/#\/schema\/logo\/image\/"},"sameAs":["https:\/\/www.instagram.com\/bgreenly.certificate\/","https:\/\/www.linkedin.com\/company\/b-greenly"]}]}},"_links":{"self":[{"href":"https:\/\/bgreenly.org\/es\/wp-json\/wp\/v2\/pages\/226","targetHints":{"allow":["GET"]}}],"collection":[{"href":"https:\/\/bgreenly.org\/es\/wp-json\/wp\/v2\/pages"}],"about":[{"href":"https:\/\/bgreenly.org\/es\/wp-json\/wp\/v2\/types\/page"}],"author":[{"embeddable":true,"href":"https:\/\/bgreenly.org\/es\/wp-json\/wp\/v2\/users\/1"}],"replies":[{"embeddable":true,"href":"https:\/\/bgreenly.org\/es\/wp-json\/wp\/v2\/comments?post=226"}],"version-history":[{"count":2,"href":"https:\/\/bgreenly.org\/es\/wp-json\/wp\/v2\/pages\/226\/revisions"}],"predecessor-version":[{"id":444,"href":"https:\/\/bgreenly.org\/es\/wp-json\/wp\/v2\/pages\/226\/revisions\/444"}],"wp:attachment":[{"href":"https:\/\/bgreenly.org\/es\/wp-json\/wp\/v2\/media?parent=226"}],"curies":[{"name":"wp","href":"https:\/\/api.w.org\/{rel}","templated":true}]}}